{"id":929,"date":"2022-04-10T15:52:52","date_gmt":"2022-04-10T12:52:52","guid":{"rendered":"https:\/\/intertrade.ee\/?page_id=929"},"modified":"2025-01-09T15:03:02","modified_gmt":"2025-01-09T12:03:02","slug":"warranty-conditions","status":"publish","type":"page","link":"https:\/\/intertrade.ee\/en\/warranty-conditions\/","title":{"rendered":"Warranty conditions"},"content":{"rendered":"<div class=\"wpb-content-wrapper\"><p>[vc_row][vc_column width=&#8221;1\/1&#8243;][vc_custom_heading uncode_shortcode_id=&#8221;550409&#8243;]Warranty conditions[\/vc_custom_heading][vc_column_text uncode_shortcode_id=&#8221;150162&#8243;]Intertrade O\u00dc used car warranty conditions All cars sold to the customer from the Intertrade O\u00dc used car showroom are covered by the three-month Intertrade O\u00dc warranty for hidden defects and defects starting from the date of delivery. The warranty of Intertrade O\u00dc is valid for cars up to seven years old and less than 200,000 km at the time of sale. After an error or defect is discovered, the car dealer must be notified immediately and a time must be agreed for the inspection of the car at the repair shop of an authorized representative of Intertrade O\u00dc. The guarantee of Intertrade O\u00dc is valid only in the Republic of Estonia.<\/p>\n<p>The warranty covers:<br \/>\nRepair or replacement of parts found to be defective. The work covered by the Intertrade O\u00dc warranty must be performed in the repair shop of an authorized representative of Intertrade O\u00dc. If the warranty claim is satisfied, the defective parts will become the property of Intertrade O\u00dc. Replacement or repair of spare parts does not extend the warranty of the vehicle or the warranty of the replaced parts. The car is considered to be technically in order if it passes the requirements of the state technical inspection point.<br \/>\nThe warranty does not cover:<br \/>\n1. Cases where<br \/>\n\u2022 poor quality fuel (including non-compliant biofuel) or additives are used as fuel additives that cause fuel system failures;<br \/>\n\u2022 the vehicle is used as a rental, taxi or patrol car;<br \/>\n\u2022 Indirect costs (car rental, hotel, etc.) have been incurred as a result of the warranty case;<br \/>\n\u2022 the vehicle is used for competitions or racing;<br \/>\n\u2022 repairs and repairs have been performed in a repair shop not authorized by Intertrade O\u00dc.<br \/>\n2. Regular inspection and maintenance. The warranty does not cover maintenance consumables, parts due to natural wear and tear, cleaning and adjustment work. The following details are considered consumables:<br \/>\n\u2022 filters (including FAP diesel particulate filter), batteries, liquids, spark plugs, auxiliary belts, wipers,<br \/>\n\u2022 exhaust system (including lambda sensors, NOx sensors)<br \/>\n\u2022 light bulbs, brake pads, brake discs and drums,<br \/>\n\u2022 shock absorbers,<br \/>\n\u2022 Clutch disc, basket and thrust bearing<br \/>\n\u2022 wheel bearings, steering ends and all ball joints,<br \/>\n\u2022 seat covers, steering wheel, adjusters, latches for various parts of the car (seats, compartments, doors, hatches, bonnet), gear lever knob and various interior upholstery.<br \/>\n3. Cases of misuse, error and negligence. Consequences of fitting spare parts not approved by the vehicle manufacturer. Consequences of repairs, modifications or other work carried out by vehicles not approved by the vehicle manufacturer (including refrigeration, gas, electrical and electronic equipment, isothermal modifications, etc.)<br \/>\n4. Damage caused by natural forces or traffic accidents.<br \/>\n5. Commission sales of cars.<br \/>\n6. Cars that are covered by the insurance.[\/vc_column_text][\/vc_column][\/vc_row]<\/p>\n<\/div>","protected":false},"excerpt":{"rendered":"<p>[vc_row][vc_column width=&#8221;1\/1&#8243;][vc_custom_heading uncode_shortcode_id=&#8221;550409&#8243;]Warranty conditions[\/vc_custom_heading][vc_column_text uncode_shortcode_id=&#8221;150162&#8243;]Intertrade O\u00dc used car warranty conditions All cars sold to the customer from the Intertrade O\u00dc [&hellip;]<\/p>\n","protected":false},"author":1,"featured_media":0,"parent":0,"menu_order":0,"comment_status":"closed","ping_status":"closed","template":"","meta":{"footnotes":""},"class_list":["post-929","page","type-page","status-publish","hentry"],"_links":{"self":[{"href":"https:\/\/intertrade.ee\/en\/wp-json\/wp\/v2\/pages\/929","targetHints":{"allow":["GET"]}}],"collection":[{"href":"https:\/\/intertrade.ee\/en\/wp-json\/wp\/v2\/pages"}],"about":[{"href":"https:\/\/intertrade.ee\/en\/wp-json\/wp\/v2\/types\/page"}],"author":[{"embeddable":true,"href":"https:\/\/intertrade.ee\/en\/wp-json\/wp\/v2\/users\/1"}],"replies":[{"embeddable":true,"href":"https:\/\/intertrade.ee\/en\/wp-json\/wp\/v2\/comments?post=929"}],"version-history":[{"count":2,"href":"https:\/\/intertrade.ee\/en\/wp-json\/wp\/v2\/pages\/929\/revisions"}],"predecessor-version":[{"id":2324,"href":"https:\/\/intertrade.ee\/en\/wp-json\/wp\/v2\/pages\/929\/revisions\/2324"}],"wp:attachment":[{"href":"https:\/\/intertrade.ee\/en\/wp-json\/wp\/v2\/media?parent=929"}],"curies":[{"name":"wp","href":"https:\/\/api.w.org\/{rel}","templated":true}]}}