{"id":917,"date":"2022-04-10T14:39:09","date_gmt":"2022-04-10T11:39:09","guid":{"rendered":"https:\/\/intertrade.ee\/avaleht\/"},"modified":"2024-11-01T11:10:07","modified_gmt":"2024-11-01T08:10:07","slug":"avaleht","status":"publish","type":"page","link":"https:\/\/intertrade.ee\/en\/","title":{"rendered":"Home"},"content":{"rendered":"<div class=\"wpb-content-wrapper\"><p>[vc_row][vc_column width=&#8221;1\/1&#8243;][vc_custom_heading]Intertrade O\u00dc[\/vc_custom_heading][vc_column_text uncode_shortcode_id=&#8221;648156&#8243;]Intertrade has been in business since 1994, importing second-hand vehicles from Germany and later expanding into the real estate business. In 2006-2008, O\u00dc Intertrade was the official distributor of Citro\u00ebn in Southern Estonia. In 2008, Veho Eesti AS opened its center in the Intertrade commercial building in Tartu, T\u00e4he 110. Today, the real estate portfolio includes 15 commercial premises with a total volume of 4000 m2 and 15 apartments with a total volume of 900 m2.[\/vc_column_text][vc_single_image media=&#8221;2190&#8243; media_width_percent=&#8221;100&#8243; uncode_shortcode_id=&#8221;106151&#8243;][vc_column_text uncode_shortcode_id=&#8221;866129&#8243;]O\u00dc Intertrade buys, sells and exchanges new and little-used vehicles. You can find out about our offers on the website under <a href=\"https:\/\/www.auto24.ee\/api\/intertrade\">vehicle sales<\/a>.[\/vc_column_text][\/vc_column][\/vc_row][vc_row row_height_percent=&#8221;0&#8243; back_color=&#8221;color-uydo&#8221; overlay_alpha=&#8221;50&#8243; gutter_size=&#8221;3&#8243; column_width_percent=&#8221;100&#8243; shift_y=&#8221;0&#8243; z_index=&#8221;0&#8243;][vc_column column_width_percent=&#8221;100&#8243; position_vertical=&#8221;middle&#8221; align_horizontal=&#8221;align_center&#8221; gutter_size=&#8221;3&#8243; overlay_alpha=&#8221;50&#8243; shift_x=&#8221;0&#8243; shift_y=&#8221;0&#8243; shift_y_down=&#8221;0&#8243; z_index=&#8221;0&#8243; medium_width=&#8221;0&#8243; mobile_width=&#8221;0&#8243; width=&#8221;1\/1&#8243;][vc_empty_space empty_h=&#8221;1&#8243;][vc_custom_heading uncode_shortcode_id=&#8221;144651&#8243;]Partners[\/vc_custom_heading][vc_gallery el_id=&#8221;gallery-956371&#8243; type=&#8221;carousel&#8221; medias=&#8221;163,162,159,502,161&#8243; carousel_lg=&#8221;3&#8243; carousel_md=&#8221;3&#8243; carousel_sm=&#8221;2&#8243; gutter_size=&#8221;4&#8243; media_items=&#8221;media|nolink|original,icon&#8221; carousel_v_align=&#8221;middle&#8221; carousel_autoh=&#8221;yes&#8221; carousel_interval=&#8221;3000&#8243; carousel_navspeed=&#8221;400&#8243; stage_padding=&#8221;0&#8243; single_overlay_opacity=&#8221;100&#8243; single_overlay_anim=&#8221;no&#8221; single_text_anim=&#8221;no&#8221; single_image_anim=&#8221;no&#8221; single_h_align=&#8221;center&#8221; single_padding=&#8221;2&#8243; single_border=&#8221;yes&#8221; uncode_shortcode_id=&#8221;331277&#8243;][vc_empty_space empty_h=&#8221;2&#8243;][\/vc_column][\/vc_row][vc_row][vc_column column_width_percent=&#8221;100&#8243; align_horizontal=&#8221;align_center&#8221; gutter_size=&#8221;3&#8243; overlay_alpha=&#8221;50&#8243; shift_x=&#8221;0&#8243; shift_y=&#8221;0&#8243; shift_y_down=&#8221;0&#8243; z_index=&#8221;0&#8243; medium_width=&#8221;0&#8243; mobile_width=&#8221;0&#8243; width=&#8221;1\/1&#8243; uncode_shortcode_id=&#8221;149041&#8243;][vc_empty_space empty_h=&#8221;2&#8243;][vc_custom_heading uncode_shortcode_id=&#8221;102944&#8243;]Services[\/vc_custom_heading][vc_separator sep_color=&#8221;&#8221; uncode_shortcode_id=&#8221;982275&#8243;][\/vc_column][\/vc_row][vc_row][vc_column column_width_percent=&#8221;100&#8243; position_vertical=&#8221;middle&#8221; align_horizontal=&#8221;align_center&#8221; gutter_size=&#8221;3&#8243; overlay_alpha=&#8221;50&#8243; shift_x=&#8221;0&#8243; shift_y=&#8221;0&#8243; shift_y_down=&#8221;0&#8243; z_index=&#8221;0&#8243; medium_width=&#8221;0&#8243; mobile_width=&#8221;0&#8243; width=&#8221;1\/4&#8243; uncode_shortcode_id=&#8221;978827&#8243;][vc_custom_heading heading_semantic=&#8221;h4&#8243; text_weight=&#8221;300&#8243; uncode_shortcode_id=&#8221;996901&#8243;]Sale of vehicles[\/vc_custom_heading][vc_button border_width=&#8221;0&#8243; link=&#8221;url:https%3A%2F%2Fwww.auto24.ee%2Fapi%2Fintertrade&#8221; uncode_shortcode_id=&#8221;161287&#8243;]View cars[\/vc_button][\/vc_column][vc_column column_width_percent=&#8221;100&#8243; position_vertical=&#8221;middle&#8221; align_horizontal=&#8221;align_center&#8221; gutter_size=&#8221;3&#8243; overlay_alpha=&#8221;50&#8243; shift_x=&#8221;0&#8243; shift_y=&#8221;0&#8243; shift_y_down=&#8221;0&#8243; z_index=&#8221;0&#8243; medium_width=&#8221;0&#8243; mobile_width=&#8221;0&#8243; width=&#8221;1\/4&#8243; uncode_shortcode_id=&#8221;128336&#8243;][vc_custom_heading heading_semantic=&#8221;h4&#8243; text_weight=&#8221;300&#8243; uncode_shortcode_id=&#8221;126568&#8243;]Evaluation[\/vc_custom_heading][vc_button border_width=&#8221;0&#8243; link=&#8221;url:https%3A%2F%2Fintertrade.ee%2Fen%2Fevaluation%2F&#8221; uncode_shortcode_id=&#8221;619628&#8243;]Learn more[\/vc_button][\/vc_column][vc_column column_width_percent=&#8221;100&#8243; position_vertical=&#8221;middle&#8221; align_horizontal=&#8221;align_center&#8221; gutter_size=&#8221;3&#8243; overlay_alpha=&#8221;50&#8243; shift_x=&#8221;0&#8243; shift_y=&#8221;0&#8243; shift_y_down=&#8221;0&#8243; z_index=&#8221;0&#8243; medium_width=&#8221;0&#8243; mobile_width=&#8221;0&#8243; width=&#8221;1\/4&#8243; uncode_shortcode_id=&#8221;157788&#8243;][vc_custom_heading heading_semantic=&#8221;h4&#8243; text_weight=&#8221;300&#8243; uncode_shortcode_id=&#8221;741628&#8243;]Commission sales[\/vc_custom_heading][vc_button border_width=&#8221;0&#8243; link=&#8221;url:https%3A%2F%2Fintertrade.ee%2Fen%2Fcommission-sales%2F&#8221; uncode_shortcode_id=&#8221;572863&#8243;]View conditions[\/vc_button][\/vc_column][vc_column column_width_percent=&#8221;100&#8243; position_vertical=&#8221;middle&#8221; align_horizontal=&#8221;align_center&#8221; gutter_size=&#8221;3&#8243; overlay_alpha=&#8221;50&#8243; shift_x=&#8221;0&#8243; shift_y=&#8221;0&#8243; shift_y_down=&#8221;0&#8243; z_index=&#8221;0&#8243; medium_width=&#8221;0&#8243; mobile_width=&#8221;0&#8243; width=&#8221;1\/4&#8243; uncode_shortcode_id=&#8221;771426&#8243;][vc_custom_heading heading_semantic=&#8221;h4&#8243; text_weight=&#8221;300&#8243; uncode_shortcode_id=&#8221;917218&#8243;]Real estate[\/vc_custom_heading][vc_button border_width=&#8221;0&#8243; link=&#8221;url:https%3A%2F%2Fintertrade.ee%2Fen%2Freal-estate%2F&#8221; uncode_shortcode_id=&#8221;537013&#8243;]View portfolio[\/vc_button][\/vc_column][\/vc_row][vc_row][vc_column width=&#8221;1\/1&#8243;][vc_empty_space empty_h=&#8221;2&#8243;][\/vc_column][\/vc_row]<\/p>\n<\/div>","protected":false},"excerpt":{"rendered":"<p>[vc_row][vc_column width=&#8221;1\/1&#8243;][vc_custom_heading]Intertrade O\u00dc[\/vc_custom_heading][vc_column_text uncode_shortcode_id=&#8221;648156&#8243;]Intertrade has been in business since 1994, importing second-hand vehicles from Germany and later expanding into the [&hellip;]<\/p>\n","protected":false},"author":1,"featured_media":0,"parent":0,"menu_order":0,"comment_status":"closed","ping_status":"closed","template":"","meta":{"footnotes":""},"class_list":["post-917","page","type-page","status-publish","hentry"],"_links":{"self":[{"href":"https:\/\/intertrade.ee\/en\/wp-json\/wp\/v2\/pages\/917","targetHints":{"allow":["GET"]}}],"collection":[{"href":"https:\/\/intertrade.ee\/en\/wp-json\/wp\/v2\/pages"}],"about":[{"href":"https:\/\/intertrade.ee\/en\/wp-json\/wp\/v2\/types\/page"}],"author":[{"embeddable":true,"href":"https:\/\/intertrade.ee\/en\/wp-json\/wp\/v2\/users\/1"}],"replies":[{"embeddable":true,"href":"https:\/\/intertrade.ee\/en\/wp-json\/wp\/v2\/comments?post=917"}],"version-history":[{"count":6,"href":"https:\/\/intertrade.ee\/en\/wp-json\/wp\/v2\/pages\/917\/revisions"}],"predecessor-version":[{"id":2193,"href":"https:\/\/intertrade.ee\/en\/wp-json\/wp\/v2\/pages\/917\/revisions\/2193"}],"wp:attachment":[{"href":"https:\/\/intertrade.ee\/en\/wp-json\/wp\/v2\/media?parent=917"}],"curies":[{"name":"wp","href":"https:\/\/api.w.org\/{rel}","templated":true}]}}